{"id":600,"date":"2025-11-28T15:04:22","date_gmt":"2025-11-28T15:04:22","guid":{"rendered":"https:\/\/baltykbezplastiku.pl\/?page_id=600"},"modified":"2025-12-04T10:40:12","modified_gmt":"2025-12-04T10:40:12","slug":"o-nas","status":"publish","type":"page","link":"https:\/\/baltykbezplastiku.pl\/?page_id=600","title":{"rendered":"O nas"},"content":{"rendered":"\n<div style=\"height:50px\" aria-hidden=\"true\" class=\"wp-block-spacer\"><\/div>\n\n\n\n<hr class=\"wp-block-separator has-text-color has-alpha-channel-opacity has-background\" style=\"background-color:#3671bf;color:#3671bf\"\/>\n\n\n\n<h2 class=\"wp-block-heading has-text-align-center has-text-color has-link-color wp-elements-18a8364729005be887d4ccc3d453dd70\" style=\"color:#3671bf\">O NAS<\/h2>\n\n\n\n<hr class=\"wp-block-separator has-text-color has-alpha-channel-opacity has-background\" style=\"background-color:#3671bf;color:#3671bf\"\/>\n\n\n\n<p style=\"font-size:18px;letter-spacing:1px\">Jeste\u015bmy niezale\u017cn\u0105 organizacj\u0105 stworzon\u0105 przez ludzi, kt\u00f3rzy kochaj\u0105 morze i wszystko, co z nim zwi\u0105zane. Zajmujemy si\u0119 edukacj\u0105, szkoleniami, sztuk\u0105 marynistyczn\u0105 oraz promowaniem ekologii i czystych akwen\u00f3w.<\/p>\n\n\n\n<p style=\"font-size:18px;letter-spacing:1px\">Dzia\u0142amy g\u0142\u00f3wnie w Polsce, ale w\u00a0przysz\u0142o\u015bci chcemy rozwija\u0107 nasze projekty tak\u017ce w rejonie Morza \u015ar\u00f3dziemnego. Wsp\u00f3\u0142pracujemy z\u00a0naukowcami tr\u00f3jmiejskich uczelni i\u00a0PAN, a tak\u017ce patronujemy\u00a0organizacjom studenckim oraz\u00a0ko\u0142om naukowym.<\/p>\n\n\n\n<p style=\"font-size:18px;letter-spacing:1px\">Mamy zesp\u00f3\u0142 specjalist\u00f3w gotowych do prowadzenia projekt\u00f3w \u015bredniej skali. Jeste\u015bmy r\u00f3wnie\u017c armatorem trzech jacht\u00f3w, dzi\u0119ki czemu mo\u017cemy \u0142\u0105czy\u0107 teori\u0119 z praktyk\u0105 i rozwija\u0107 pasj\u0119 do morza w bardzo konkretny spos\u00f3b.<\/p>\n\n\n\n<p><\/p>\n","protected":false},"excerpt":{"rendered":"<p>O NAS Jeste\u015bmy niezale\u017cn\u0105 organizacj\u0105 stworzon\u0105 przez ludzi, kt\u00f3rzy kochaj\u0105 morze i wszystko, co z nim zwi\u0105zane. Zajmujemy si\u0119 edukacj\u0105, szkoleniami, sztuk\u0105 marynistyczn\u0105 oraz promowaniem ekologii i czystych akwen\u00f3w. Dzia\u0142amy g\u0142\u00f3wnie w Polsce, ale w\u00a0przysz\u0142o\u015bci chcemy rozwija\u0107 nasze projekty tak\u017ce w rejonie Morza \u015ar\u00f3dziemnego. Wsp\u00f3\u0142pracujemy z\u00a0naukowcami tr\u00f3jmiejskich uczelni i\u00a0PAN, a tak\u017ce patronujemy\u00a0organizacjom studenckim oraz\u00a0ko\u0142om naukowym.&hellip;&nbsp;<\/p>\n","protected":false},"author":2,"featured_media":0,"parent":0,"menu_order":0,"comment_status":"closed","ping_status":"closed","template":"","meta":{"neve_meta_sidebar":"","neve_meta_container":"","neve_meta_enable_content_width":"","neve_meta_content_width":0,"neve_meta_title_alignment":"","neve_meta_author_avatar":"","neve_post_elements_order":"","neve_meta_disable_header":"","neve_meta_disable_footer":"on","neve_meta_disable_title":"on","footnotes":""},"class_list":["post-600","page","type-page","status-publish","hentry"],"_links":{"self":[{"href":"https:\/\/baltykbezplastiku.pl\/index.php?rest_route=\/wp\/v2\/pages\/600","targetHints":{"allow":["GET"]}}],"collection":[{"href":"https:\/\/baltykbezplastiku.pl\/index.php?rest_route=\/wp\/v2\/pages"}],"about":[{"href":"https:\/\/baltykbezplastiku.pl\/index.php?rest_route=\/wp\/v2\/types\/page"}],"author":[{"embeddable":true,"href":"https:\/\/baltykbezplastiku.pl\/index.php?rest_route=\/wp\/v2\/users\/2"}],"replies":[{"embeddable":true,"href":"https:\/\/baltykbezplastiku.pl\/index.php?rest_route=%2Fwp%2Fv2%2Fcomments&post=600"}],"version-history":[{"count":12,"href":"https:\/\/baltykbezplastiku.pl\/index.php?rest_route=\/wp\/v2\/pages\/600\/revisions"}],"predecessor-version":[{"id":1125,"href":"https:\/\/baltykbezplastiku.pl\/index.php?rest_route=\/wp\/v2\/pages\/600\/revisions\/1125"}],"wp:attachment":[{"href":"https:\/\/baltykbezplastiku.pl\/index.php?rest_route=%2Fwp%2Fv2%2Fmedia&parent=600"}],"curies":[{"name":"wp","href":"https:\/\/api.w.org\/{rel}","templated":true}]}}